{"id":156,"date":"2021-03-26T16:57:43","date_gmt":"2021-03-26T16:57:43","guid":{"rendered":"https:\/\/www.scianka-tenisowa.pl\/aplikacja\/?page_id=156"},"modified":"2021-06-09T09:04:20","modified_gmt":"2021-06-09T09:04:20","slug":"regulaminy","status":"publish","type":"page","link":"https:\/\/www.scianka-tenisowa.pl\/aplikacja\/regulaminy\/","title":{"rendered":"Regulaminy"},"content":{"rendered":"\n<figure class=\"wp-block-gallery columns-1 is-cropped wp-block-gallery-1 is-layout-flex wp-block-gallery-is-layout-flex\"><ul class=\"blocks-gallery-grid\"><li class=\"blocks-gallery-item\"><figure><img loading=\"lazy\" decoding=\"async\" width=\"739\" height=\"63\" src=\"https:\/\/www.scianka-tenisowa.pl\/aplikacja\/wp-content\/uploads\/2021\/03\/\u0411\u0435\u0437-\u0438\u043c\u0435\u043d\u0438-3.png\" alt=\"\" data-id=\"175\" data-full-url=\"https:\/\/www.scianka-tenisowa.pl\/aplikacja\/wp-content\/uploads\/2021\/03\/\u0411\u0435\u0437-\u0438\u043c\u0435\u043d\u0438-3.png\" data-link=\"https:\/\/www.scianka-tenisowa.pl\/aplikacja\/regulaminy\/%d0%b1%d0%b5%d0%b7-%d0%b8%d0%bc%d0%b5%d0%bd%d0%b8-3\/\" class=\"wp-image-175\" srcset=\"https:\/\/www.scianka-tenisowa.pl\/aplikacja\/wp-content\/uploads\/2021\/03\/\u0411\u0435\u0437-\u0438\u043c\u0435\u043d\u0438-3.png 739w, https:\/\/www.scianka-tenisowa.pl\/aplikacja\/wp-content\/uploads\/2021\/03\/\u0411\u0435\u0437-\u0438\u043c\u0435\u043d\u0438-3-300x26.png 300w\" sizes=\"auto, (max-width: 739px) 100vw, 739px\" \/><\/figure><\/li><\/ul><\/figure>\n\n\n\n<p><strong>REGULAMIN, RODO ORAZ POLITYKA PRYWATNO\u015aCI<\/strong><\/p>\n\n\n\n<p>Aplikacja mobilna jest cz\u0119\u015bci\u0105 projektu \u201eSYSTEM IDENTYFIKACJI UDERZE\u0143 PI\u0141KI TENISOWEJ O \u015aCIANK\u0118 TRENINGOW\u0104 WRAZ Z \u201eGR\u0104\u201d KOMPUTEROW\u0104\u201d.Projekt wsp\u00f3\u0142finansowany w ramach Europejskiego Funduszu Rozwoju Regionalnego ze \u015brodk\u00f3w Programu Operacyjnego Inteligentny Rozw\u00f3j 2014-2020.<\/p>\n\n\n\n<p>U\u017cywanie systemu lub Aplikacji nawet w trybie go\u015b\u0107 wi\u0105\u017ce si\u0119 z akceptacj\u0105 regulaminu.<\/p>\n\n\n\n<p>Je\u015bli masz mniej ni\u017c 18 lat najlepiej popro\u015b swojego opiekuna, aby przeczyta\u0142 i pozwoli\u0142 Ci korzysta\u0107 z Aplikacji ADECO SPORT.<\/p>\n\n\n\n<p><strong>REGULAMIN APLIKACJI MOBILNEJ \u201eADECO SPORT&#8221;<\/strong><\/p>\n\n\n\n<p><strong>&nbsp;1) POSTANOWIENIA OG\u00d3LNE<\/strong><\/p>\n\n\n\n<p>1.1 Niniejszy regulamin (dalej: \u201eRegulamin&#8221;) okre\u015bla zasady, warunki i zakres korzystania z aplikacji mobilnej ADECO SPORT przeznaczonej na urz\u0105dzenia mobilne z systemem operacyjnym Android (dalej: \u201eAplikacja&#8221;) i stanowi regulamin w rozumieniu art. 8 ustawy z dnia 18 lipca 2002 r. o \u015bwiadczeniu us\u0142ug drog\u0105 elektroniczn\u0105.<\/p>\n\n\n\n<p>1.2 W\u0142a\u015bcicielem i operatorem Aplikacji, a tak\u017ce us\u0142ugodawc\u0105 \u015bwiadczonych za jej po\u015brednictwem us\u0142ug, jest firma ADECO Roman Drabek z siedzib\u0105 w Katowicach przy ul. Mro\u017ana 25, 40-316 Katowice o numerze NIP 6291906983 (dalej: \u201eW\u0142a\u015bciciel\u201d, \u201eOperator\u201d lub \u201eAdministrator\u201d).&nbsp;&nbsp;<\/p>\n\n\n\n<p>1.3 U\u017cytkownikiem Aplikacji w rozumieniu Regulaminu jest osoba fizyczna, kt\u00f3ra poprzez Aplikacj\u0119 zainstalowan\u0105 na w\u0142asnych urz\u0105dzeniach mobilnych korzysta z oferowanych przez Aplikacj\u0119 funkcjonalno\u015bci (dalej: \u201eU\u017cytkownik&#8221;). Osoby poni\u017cej 18tego roku \u017cycia mog\u0105 korzysta\u0107 z aplikacji za zgod\u0105 opiekuna prawnego. W celu odpowiedniej kontroli rodzicielskiej zalecamy przestrzeganie regulaminu sklepu Google Play oraz korzystania narz\u0119dzi Google Family.<\/p>\n\n\n\n<p>&nbsp;1.4 Us\u0142ugi \u015bwiadczone za po\u015brednictwem Aplikacji polegaj\u0105 w szczeg\u00f3lno\u015bci na:<\/p>\n\n\n\n<ul class=\"wp-block-list\"><li>Trening tenisa ziemnego, usprawnienie celno\u015bci albo zwinno\u015bci, aplikacja wyznaczy miejsca, w kt\u00f3re mamy uderza\u0107 na \u015bciance tenisowej ADECO oraz inne pomocne wskaz\u00f3wki.<\/li><\/ul>\n\n\n\n<ul class=\"wp-block-list\"><li>Poziomy trudno\u015bci gry, w trybach treningowych (od naj\u0142atwiejszego do najtrudniejszego).<\/li><\/ul>\n\n\n\n<ul class=\"wp-block-list\"><li>Statystyki z gier, punktacj\u0119 oraz mo\u017cliwo\u015b\u0107 udost\u0119pnienia wynik\u00f3w w mediach spo\u0142eczno\u015bciowych.<\/li><\/ul>\n\n\n\n<ul class=\"wp-block-list\"><li>Aplikacja mo\u017cliwa jest do pobrania ze sklepu internetowego: Google Play.<\/li><\/ul>\n\n\n\n<ul class=\"wp-block-list\"><li>Z chwil\u0105 pobrania i zainstalowania Aplikacji na urz\u0105dzeniu mobilnym U\u017cytkownika nast\u0119puje zawarcie przez niego z Operatorem umowy o \u015bwiadczenie us\u0142ug drog\u0105 elektroniczn\u0105 w ramach korzystania z Aplikacji.<\/li><\/ul>\n\n\n\n<ul class=\"wp-block-list\"><li>Pobranie Aplikacji ze sklep\u00f3w, jak r\u00f3wnie\u017c korzystanie z oferowanych za jej po\u015brednictwem podstawowych us\u0142ug jest bezp\u0142atne.<\/li><\/ul>\n\n\n\n<ul class=\"wp-block-list\"><li>Operator dopuszcza mo\u017cliwo\u015b\u0107 wprowadzenia w przysz\u0142o\u015bci odp\u0142atnych, dodatkowych funkcjonalno\u015bci przy dokonywaniu kolejnych aktualizacji Aplikacji. Odp\u0142atne funkcjonalno\u015bci urz\u0105dzenia lub aplikacji zostan\u0105 w spos\u00f3b wyra\u017any oznaczone, tak, aby U\u017cytkownik mia\u0142 pe\u0142n\u0105 wiedz\u0119 na temat sposobu wprowadzania op\u0142at i wysoko\u015bci koszt\u00f3w poniesionych.<\/li><\/ul>\n\n\n\n<ul class=\"wp-block-list\"><li>Aplikacja oraz wszelkie zawarte w niej materia\u0142y i informacje oraz uk\u0142ad prezentowych w ramach Aplikacji tre\u015bci, a tak\u017ce logotypy, elementy graficzne i znaki towarowe, stanowi\u0105 przedmiot praw wy\u0142\u0105cznych Operatora lub jego firm trzecich i podlegaj\u0105 ochronie prawnej.<\/li><\/ul>\n\n\n\n<p><strong>2) WYMAGANIA TECHNICZNE I DOST\u0118P DO APLIKACJI<\/strong><\/p>\n\n\n\n<p>2.1 Aplikacja dost\u0119pna jest dla wszystkich os\u00f3b korzystaj\u0105cych z urz\u0105dze\u0144 mobilnych, kt\u00f3re to urz\u0105dzenia spe\u0142niaj\u0105 wskazane poni\u017cej wymagania techniczne.<\/p>\n\n\n\n<p>2.2 Urz\u0105dzenie mobilne U\u017cytkownika, na kt\u00f3rym ma zosta\u0107 uruchomiona Aplikacja, powinno spe\u0142nia\u0107 nast\u0119puj\u0105ce wymagania techniczne dotycz\u0105ce systemu operacyjnego: &#8211; Android w wersji 9 (lub nowszej), dzia\u0142aj\u0105cy sklep Play (Google Store\/Play Store).<\/p>\n\n\n\n<p><strong>3) ZASADY KORZYSTANIA Z APLIKACJI<\/strong><\/p>\n\n\n\n<p>3.1 U\u017cytkownicy s\u0105 zobowi\u0105zani do korzystania z Aplikacji w spos\u00f3b zgodny z obowi\u0105zuj\u0105cym prawem, Regulaminem i regulaminami sklep\u00f3w, z kt\u00f3rych Aplikacja zosta\u0142a pobrana, a tak\u017ce z zasadami wsp\u00f3\u0142\u017cycia spo\u0142ecznego, w tym og\u00f3lnymi zasadami korzystania z sieci Internet i Aplikacji mobilnych.<\/p>\n\n\n\n<p>&nbsp;3.2 U\u017cytkownicy s\u0105 zobowi\u0105zani w szczeg\u00f3lno\u015bci do korzystania z Aplikacji i w spos\u00f3b niezak\u0142\u00f3caj\u0105cy jej funkcjonowania.<\/p>\n\n\n\n<p><strong>4) ODPOWIEDZIALNO\u015a\u0106 OPERATORA<\/strong><\/p>\n\n\n\n<p>4.1 Operator prowadzi bie\u017c\u0105cy nadz\u00f3r nad technicznym funkcjonowaniem Aplikacji, zapewniaj\u0105c poprawno\u015b\u0107 jej dzia\u0142ania i powi\u0105zanej z ni\u0105 infrastruktury.<\/p>\n\n\n\n<p>4.2 U\u017cytkownik korzysta z Aplikacji dobrowolnie, na w\u0142asn\u0105 odpowiedzialno\u015b\u0107 i powinien zapewni\u0107 mo\u017cliwo\u015b\u0107 poprawnego funkcjonowania Aplikacji w zakresie, w jakim jest to zale\u017cne od U\u017cytkownika (np. prawid\u0142owe funkcjonowania urz\u0105dzenia mobilnego, stosowanie ustawie\u0144 umo\u017cliwiaj\u0105cych odbieranie bie\u017c\u0105cych powiadomie\u0144 z Aplikacji itp.). Za dzia\u0142ania us\u0142ug, aplikacji i serwis\u00f3w internetowych innych ni\u017c Aplikacja odpowiedzialno\u015b\u0107 ponosz\u0105 ich dostawcy.<\/p>\n\n\n\n<p>4.3 Operator nie ponosi odpowiedzialno\u015bci za ograniczenia lub problemy techniczne w systemach teleinformatycznych, z kt\u00f3rych korzystaj\u0105 urz\u0105dzenia mobilne U\u017cytkownik\u00f3w, a kt\u00f3re uniemo\u017cliwiaj\u0105 lub ograniczaj\u0105 u\u017cytkownikom korzystanie z Aplikacji i oferowanych za jej po\u015brednictwem us\u0142ug.<\/p>\n\n\n\n<p><strong>5) ZAKO\u0143CZENIE KORZYSTANIA Z APLIKACJI<\/strong><\/p>\n\n\n\n<p>5.1 U\u017cytkownicy mog\u0105 w dowolnym czasie zaprzesta\u0107 korzystania z Aplikacji, w szczeg\u00f3lno\u015bci w\u00f3wczas, gdy nie zaakceptuj\u0105 zmian wprowadzonych w Regulaminie, Polityce Prywatno\u015bci lub aktualizacji Aplikacji. Zaprzestanie korzystania z Aplikacji wymaga usuni\u0119cia konta w profilu aplikacji i usuni\u0119cia aplikacji z urz\u0105dzenia mobilnego. Jest to r\u00f3wnoznaczne z usuni\u0119ciem wszystkich danych o u\u017cytkowniku.<\/p>\n\n\n\n<p>5.2 W przypadku stwierdzenia przez Operatora, \u017ce u\u017cytkownik dopuszcza si\u0119 dzia\u0142a\u0144 zabronionych prawem lub Regulaminem, albo naruszaj\u0105cych zasady wsp\u00f3\u0142\u017cycia spo\u0142ecznego lub godz\u0105cych w usprawiedliwiony interes Operatora a w szczeg\u00f3lno\u015bci ich dobre imi\u0119, Operator mo\u017ce podj\u0105\u0107 wszelkim prawem dozwolone dzia\u0142ania, w tym ograniczy\u0107 mo\u017cliwo\u015b\u0107 korzystania przez u\u017cytkownika z Aplikacji i \u015bwiadczonych za jej po\u015brednictwem us\u0142ug.<\/p>\n\n\n\n<p>5.3 Nie wolno w \u017caden spos\u00f3b kopiowa\u0107, dekompilowa\u0107 ani modyfikowa\u0107 Aplikacji, \u017cadnej cz\u0119\u015bci Aplikacji ani naszych znak\u00f3w towarowych,&nbsp;zmienia\u0107 lub&nbsp;modyfikowa\u0107&nbsp;\u017cadnych element\u00f3w logo pod wzgl\u0119dem formy, koloru ani proporcji. Zabronione s\u0105 wszelkie pr\u00f3by wyodr\u0119bniania kodu \u017ar\u00f3d\u0142owego Aplikacji, systemu identyfikacji uderze\u0144 pi\u0142ki tenisowej o \u015bciank\u0119 treningow\u0105 wraz z \u201egr\u0105\u201d komputerow\u0105 oraz komunikacji z systemami z kt\u00f3rymi si\u0119 \u0142\u0105czy.<\/p>\n\n\n\n<p><strong>6) REKLAMACJE<\/strong><\/p>\n\n\n\n<p>6.1 Wszelkie reklamacje zwi\u0105zane z korzystaniem z Aplikacji oraz ze \u015bwiadczeniem za jej po\u015brednictwem us\u0142ug, a tak\u017ce pytania dotycz\u0105ce korzystania z Aplikacji nale\u017cy kierowa\u0107 do Operatora na adres poczty elektronicznej pod adresem&nbsp; <a href=\"mailto:application@adeco-sport.com.pl\">application@adeco-sport.com.pl<\/a><\/p>\n\n\n\n<p>6.2 Reklamacja powinna zawiera\u0107 w swej tre\u015bci: adres e-mail U\u017cytkownika, dane techniczne (nazw\u0119 i model urz\u0105dzenia mobilnego, wersj\u0119 systemu operacyjnego, konto Google), jak r\u00f3wnie\u017c dok\u0142adny opis i wskazanie przyczyny reklamacji.<\/p>\n\n\n\n<p>6.3 W terminie 14 dni od dnia otrzymania reklamacji Operator rozpatrzy reklamacj\u0119 oraz poinformuje U\u017cytkownika, za pomoc\u0105 poczty elektronicznej, o sposobie jej rozpatrzenia. W sytuacji, gdy podane w reklamacji dane lub informacje wymagaj\u0105 uzupe\u0142nienia, Operator zwraca si\u0119 przed rozpatrzeniem reklamacji do U\u017cytkownika o jej uzupe\u0142nienie. Czas udzielania dodatkowych wyja\u015bnie\u0144 przez u\u017cytkownika przed\u0142u\u017ca okres rozpatrywania reklamacji.<\/p>\n\n\n\n<p><strong>7) BEZPIECZ\u0118\u0143STWO DANYCH OSOBOWYCH<\/strong><\/p>\n\n\n\n<p>7.1 Klient ma prawo dost\u0119pu do tre\u015bci swoich danych osobowych, ich sprostowania lub usuni\u0119cia, przenoszenia danych osobowych, \u017c\u0105dania ograniczenia przetwarzania danych osobowych a tak\u017ce wniesienia sprzeciwu wobec ich przetwarzania. Podanie danych osobowych jest dobrowolne, lecz niezb\u0119dne do pe\u0142nego dzia\u0142ania aplikacji mobilnej ADECO SPORT. Dane s\u0105 przetwarzane zgodnie z Rozporz\u0105dzeniem Parlamentu Europejskiego i Rady (UE) 2016\/679 z dnia 27 kwietnia 2016 r. w sprawie ochrony os\u00f3b fizycznych w zwi\u0105zku z przetwarzaniem danych osobowych.<br><br>Dane s\u0105 przechowywane przez firm\u0119 ADECO Roman Drabek na okres u\u017cywania aplikacji i posiadania w niej konta. Dane nie s\u0105 udost\u0119pniane firmom trzecim innym ni\u017c zawarte w tre\u015bci regulaminu, oraz nie s\u0105 udost\u0119pniane bez zgody u\u017cytkownika. Dane s\u0105 wykorzystywane w celach zapewnienia funkcjonalno\u015bci aplikacji mobilnej i systemu identyfikacji uderze\u0144 pi\u0142ki tenisowej o \u015bciank\u0119 treningow\u0105 wraz z \u201egr\u0105\u201d komputerow\u0105. Dane mog\u0105 by\u0107 wykorzystane w celach marketingowych jedynie i bezpo\u015brednio przez firm\u0119 ADECO Roman Drabek.&nbsp;&nbsp;<\/p>\n\n\n\n<p>&nbsp;7.2 Kontakt z ADECO Roman Drabek w sprawie przetwarzania danych osobowych jest mo\u017cliwy poprzez wys\u0142anie wiadomo\u015bci email na adres: <a href=\"mailto:application@adeco-sport.com.pl\">application@adeco-sport.com.pl<\/a>. Usuni\u0119cie konta w ustawieniach profilu nieodwracalnie usuwa wszystkie dane zar\u00f3wno z Aplikacji jak i z systemu Google Firebase.<\/p>\n\n\n\n<p>7.3 Tryb Aplikacji Go\u015b\u0107 nie przetwarza oraz nie zachowuje \u017cadnych danych osobowych.<\/p>\n\n\n\n<p>7.4 Zarejestrowane konta s\u0105 przechowywane za pomoc\u0105 Google Firebase, rejestracja za pomoc\u0105 Facebooka lub Google oznacza, \u017ce dane s\u0105 przetwarzane przez wybranego partnera natomiast konto dalej istnieje w bazie danych Google Firebase.<\/p>\n\n\n\n<p>7.5 Adeco Roman Drabek mo\u017ce u\u017cywa\u0107 system\u00f3w analitycznych UX Analytics, Crashanalitics i innych zawartych w Google Firebase.&nbsp; Dane te nie b\u0119d\u0105 nigdzie publikowane, i zostan\u0105 wykorzystane jedynie przez nas do usprawnienia dzia\u0142ania aplikacji.<\/p>\n\n\n\n<p><strong>8) POSTANOWIENIA KO\u0143COWE<\/strong><\/p>\n\n\n\n<p>8.1 W sprawach nieuregulowanych w Regulaminie zastosowanie maj\u0105 odpowiednie przepisy powszechnie obowi\u0105zuj\u0105cego prawa, w tym zw\u0142aszcza Kodeksu cywilnego oraz ustawy o \u015bwiadczeniu us\u0142ug drog\u0105 elektroniczn\u0105 z dnia 18 lipca 2002r i p\u00f3\u017aniejszymi zmianami.<\/p>\n\n\n\n<p>8.2 Operator zastrzega sobie prawo do zmiany Regulaminu w dowolnym czasie. Regulaminu U\u017cytkownicy zostan\u0105 poinformowani zmianach z wyprzedzeniem za pomoc\u0105 Aplikacji mobilnej. Zmiany uwa\u017cane s\u0105 za zaakceptowane przez U\u017cytkownika z momentem dalszego korzystania przez niego z Aplikacji po wej\u015bciu zmian w \u017cycie.<\/p>\n\n\n\n<p>Lista podmiot\u00f3w:<\/p>\n\n\n\n<ul class=\"wp-block-list\"><li>Firebase crashlytics i zasady u\u017cytkowania\u00a0 Firebase App<br><a href=\"https:\/\/firebase.google.com\/terms\/crashlytics?hl=pl\">https:\/\/firebase.google.com\/terms\/crashlytics?hl=pl<\/a><\/li><li>Google Firebase<br><a href=\"https:\/\/firebase.google.com\/policies\/analytics?hl=pl\">https:\/\/firebase.google.com\/policies\/analytics?hl=pl<\/a><\/li><li>Facebook Login<br><a href=\"https:\/\/m.facebook.com\/about\/privacy\">https:\/\/m.facebook.com\/about\/privacy<\/a><\/li><li>Google Login<br><a href=\"https:\/\/policies.google.com\/privacy?gl=PL&amp;hl=pl\">https:\/\/policies.google.com\/privacy?gl=PL&amp;hl=pl<\/a><\/li><\/ul>\n\n\n\n<p>Regulamin obowi\u0105zuje od dnia 10 czerwca 2021 roku.<\/p>\n\n\n\n<p><strong>REGULAMIN KORZYSTANIA Z \u201eSYSTEM IDENTYFIKACJI UDERZE\u0143 PI\u0141KI TENISOWEJ O \u015aCIANK\u0118 TRENINGOW\u0104 WRAZ Z \u201eGR\u0104\u201d KOMPUTEROW\u0104\u201d<\/strong><\/p>\n\n\n\n<p>U\u017cywanie systemu lub aplikacji nawet w trybie \u2018go\u015b\u0107\u2019 (bez rejestracji) wi\u0105\u017ce si\u0119 z akceptacj\u0105 regulaminu<em>.<\/em><\/p>\n\n\n\n<p>Prosimy o zapoznanie si\u0119 z regulaminem korzystania z obiektu sportowego na kt\u00f3rym planuj\u0105 pa\u0144stwo u\u017cytkowa\u0107 naszego systemu.<\/p>\n\n\n\n<p>1. Niniejszy regulamin (dalej: \u201eRegulamin&#8221;) okre\u015bla zasady, warunki i zakres korzystania z <a>systemu identyfikacji uderze\u0144 pi\u0142ki tenisowej o \u015bciank\u0119 treningow\u0105 wraz z \u201egr\u0105\u201d komputerow\u0105 <\/a>przeznaczonej na urz\u0105dzenia mobilne z systemem operacyjnym Android (dalej: \u201esensory&#8221;) i stanowi regulamin w rozumieniu art. 8 ustawy z dnia 18 lipca 2002 r. o \u015bwiadczeniu us\u0142ug drog\u0105 elektroniczn\u0105.<\/p>\n\n\n\n<p>2. W\u0142a\u015bcicielem systemu, a tak\u017ce us\u0142ugodawc\u0105 \u015bwiadczonych za jej po\u015brednictwem us\u0142ug, jest firma ADECO Roman Drabek z siedzib\u0105 w Katowicach przy ul. Mro\u017ana 25, 40-316 Katowice o numerze NIP 6291906983 (dalej: \u201eW\u0142a\u015bciciel\u201d, \u201eOperator\u201d lub \u201eAdministrator\u201d).&nbsp;<\/p>\n\n\n\n<p>3. U\u017cytkownik ponosi pe\u0142n\u0105 odpowiedzialno\u015b\u0107 za wszelkie szkody przez niego spowodowane. Sensory zbieraj\u0105 dane o tym, gdzie u\u017cytkownik uderzy\u0142 pi\u0142eczk\u0105 na \u015bcianie. System sk\u0142ada si\u0119 z 4 sensor\u00f3w zamontowanych na \u015bciance tenisowej, modu\u0142u g\u0142\u00f3wnego, wy\u015bwietlacza na punkty, pasa LEDowego sygnalizuj\u0105cego miejsce uderzenia oraz aplikacji na telefon.<\/p>\n\n\n\n<p>4. Dbajmy o nasze boisko, zwracajmy uwag\u0119 r\u00f3wnie\u017c na innych u\u017cytkownik\u00f3w, zg\u0142aszajmy wszystkie zauwa\u017cone nieprawid\u0142owo\u015bci w\u0142a\u015bcicielowi obiektu, a opcjonalnie r\u00f3wnie\u017c firmie ADECO Roman Drabek na adres email: <a href=\"mailto:application@adeco-sport.com.pl\">application@adeco-sport.com.pl<\/a>.<\/p>\n\n\n\n<p>5. U\u017cytkownicy korzystaj\u0105 z boiska przy \u015bciance tenisowej ADECO na w\u0142asn\u0105 odpowiedzialno\u015b\u0107.<br>Firma ADECO Roman Drabek nie ponosi odpowiedzialno\u015bci prawnej za zaistnia\u0142e wypadki.<\/p>\n\n\n\n<p>6. Na terenie obiektu obowi\u0105zuje zasada poszanowania mienia i wyposa\u017cenia. Za wszelkiego rodzaju uszkodzenia i zniszczenia sprz\u0119tu lub urz\u0105dze\u0144 pe\u0142n\u0105 odpowiedzialno\u015b\u0107 materialn\u0105 ponosz\u0105 u\u017cytkownicy, a w przypadku os\u00f3b niepe\u0142noletnich ich rodzice lub prawni opiekunowie.<\/p>\n\n\n\n<p>7. Korzystaj\u0105cy z sensor\u00f3w s\u0105 zobowi\u0105zani do bezwzgl\u0119dnego przestrzegania niniejszego regulaminu.<\/p>\n\n\n\n<p>8. Przy korzystaniu z boiska oraz \u015bcianki tenisowej ADECO na kt\u00f3rej zainstalowane s\u0105 sensory przez osoby poni\u017cej 18 roku \u017cycia wymagana jest zgoda rodzic\u00f3w lub opiekun\u00f3w prawnych.<\/p>\n\n\n\n<p>9.Zaleca si\u0119 szczeg\u00f3ln\u0105 ostro\u017cno\u015b\u0107 osobom nosz\u0105cym okulary korekcyjne i szk\u0142a kontaktowe. Korzystanie z nich w czasie gry odbywa si\u0119 na ryzyko i odpowiedzialno\u015b\u0107 posiadacza.<\/p>\n\n\n\n<p>10. Osoby o niestabilnym stanie zdrowia powinny korzysta\u0107 z obiektu oraz sensor\u00f3w ze szczeg\u00f3ln\u0105 ostro\u017cno\u015bci\u0105, po konsultacji z lekarzem.<\/p>\n\n\n\n<p>11. Osoby korzystaj\u0105ce z boiska oraz \u015bcianki tenisowej ADECO zobowi\u0105zane s\u0105 do:<\/p>\n\n\n\n<ul class=\"wp-block-list\"><li>przestrzegania zasad bezpiecze\u0144stwa;<\/li><li>utrzymania czysto\u015bci i porz\u0105dku na terenie boiska;<\/li><li>wej\u015bcia na boisko w odpowiednim obuwiu.<\/li><\/ul>\n\n\n\n<p>12.Na boisku przy \u015bciance zalecamy przestrzegania podstawowych zakaz\u00f3w:<\/p>\n\n\n\n<ul class=\"wp-block-list\"><li>wprowadzania i u\u017cytkowania sprz\u0119tu innego ni\u017c zgodny z przeznaczeniem boiska;<\/li><li>niszczenia urz\u0105dze\u0144;<\/li><li>palenia tytoniu, spo\u017cywania alkoholu, \u017cucia gumy;<\/li><li>za\u015bmiecania;<\/li><li>wprowadzania zwierz\u0105t.<\/li><\/ul>\n\n\n\n<p>13. U\u017cywasz \u015bcianki tenisowej Adeco z sensorami na w\u0142asne ryzyko, za bezpiecze\u0144stwo odpowiedzialny jest w\u0142a\u015bciciel obiektu.<\/p>\n\n\n\n<p>14. U\u017cytkownik jest zobowi\u0105zany korzysta\u0107 z urz\u0105dze\u0144 zgodnie ich przeznaczeniem.<\/p>\n\n\n\n<p>15. Wy\u015bwietlacz nad \u015bciank\u0105 pokazuje informacje, kt\u00f3re wprowadzi\u0142e\u015b\/\u0142a\u015b w aplikacji mobilnej ADECO SPORT, w tym twoje Imi\u0119 (lub inne dane sklasyfikowane jako dane personalne).<\/p>\n\n\n\n<p>16. Je\u017celi zauwa\u017cy\u0142e\u015b\/\u0142a\u015b jakiekolwiek ryzyko bezpiecze\u0144stwa albo je\u017celi masz w\u0105tpliwo\u015bci co do bezpiecze\u0144stwa naszego sprz\u0119tu, prosimy o wys\u0142anie wiadomo\u015bci email na adres: <a href=\"mailto:application@adeco-sport.com.pl\">application@adeco-sport.com.pl<\/a><\/p>\n\n\n\n<p>17. Firma ADECO Roman Drabek nie ponosi odpowiedzialno\u015bci za utracone dane, niew\u0142a\u015bciwie zapisane treningi tenisowe oraz wszelkie szkody wynik\u0142e z niew\u0142a\u015bciwej pracy sprz\u0119tu.<\/p>\n\n\n\n<p>Regulamin obowi\u0105zuje od dnia 10 Czerwca 2021 roku.<\/p>\n","protected":false},"excerpt":{"rendered":"<p>REGULAMIN, RODO ORAZ POLITYKA PRYWATNO\u015aCI Aplikacja mobilna jest cz\u0119\u015bci\u0105 projektu \u201eSYSTEM IDENTYFIKACJI UDERZE\u0143 PI\u0141KI TENISOWEJ O \u015aCIANK\u0118 TRENINGOW\u0104 WRAZ Z \u201eGR\u0104\u201d KOMPUTEROW\u0104\u201d.Projekt wsp\u00f3\u0142finansowany w ramach Europejskiego Funduszu Rozwoju Regionalnego ze \u015brodk\u00f3w Programu Operacyjnego Inteligentny Rozw\u00f3j 2014-2020. U\u017cywanie systemu lub Aplikacji [&hellip;]<\/p>\n","protected":false},"author":1,"featured_media":0,"parent":0,"menu_order":0,"comment_status":"closed","ping_status":"closed","template":"","meta":{"footnotes":""},"class_list":["post-156","page","type-page","status-publish","hentry"],"_links":{"self":[{"href":"https:\/\/www.scianka-tenisowa.pl\/aplikacja\/wp-json\/wp\/v2\/pages\/156","targetHints":{"allow":["GET"]}}],"collection":[{"href":"https:\/\/www.scianka-tenisowa.pl\/aplikacja\/wp-json\/wp\/v2\/pages"}],"about":[{"href":"https:\/\/www.scianka-tenisowa.pl\/aplikacja\/wp-json\/wp\/v2\/types\/page"}],"author":[{"embeddable":true,"href":"https:\/\/www.scianka-tenisowa.pl\/aplikacja\/wp-json\/wp\/v2\/users\/1"}],"replies":[{"embeddable":true,"href":"https:\/\/www.scianka-tenisowa.pl\/aplikacja\/wp-json\/wp\/v2\/comments?post=156"}],"version-history":[{"count":8,"href":"https:\/\/www.scianka-tenisowa.pl\/aplikacja\/wp-json\/wp\/v2\/pages\/156\/revisions"}],"predecessor-version":[{"id":210,"href":"https:\/\/www.scianka-tenisowa.pl\/aplikacja\/wp-json\/wp\/v2\/pages\/156\/revisions\/210"}],"wp:attachment":[{"href":"https:\/\/www.scianka-tenisowa.pl\/aplikacja\/wp-json\/wp\/v2\/media?parent=156"}],"curies":[{"name":"wp","href":"https:\/\/api.w.org\/{rel}","templated":true}]}}