{"id":23,"date":"2020-11-27T20:20:36","date_gmt":"2020-11-27T20:20:36","guid":{"rendered":"https:\/\/www.scianka-tenisowa.pl\/aplikacja\/?page_id=23"},"modified":"2022-01-17T11:48:22","modified_gmt":"2022-01-17T11:48:22","slug":"o-adeco","status":"publish","type":"page","link":"https:\/\/www.scianka-tenisowa.pl\/aplikacja\/o-adeco\/","title":{"rendered":"O  Nas"},"content":{"rendered":"\n<p id=\"block-11faa7bb-d8cc-46f4-8395-ce1767f754e0\">Firma<strong>\u00a0ADECO<\/strong>\u00a0zosta\u0142a za\u0142o\u017cona w 2006 roku w Katowicach. Obecnie zakres dzia\u0142alno\u015bci obejmuje sektor sportowy. G\u0142\u00f3wnymi dzia\u0142aniami firmy jest produkcja oraz promocja <strong>Parabolicznej \u015aciany Tenisowej.<\/strong><\/p>\n\n\n\n<p id=\"block-4f81b2a1-9f9c-488d-a9e0-64ef6eec8455\">Firma bazuje na wieloletnim bogatym do\u015bwiadczeniu w realizacji du\u017cych projekt\u00f3w. <\/p>\n\n\n\n<p id=\"block-4f81b2a1-9f9c-488d-a9e0-64ef6eec8455\"><strong>Dzi\u0119ki bogatemu do\u015bwiadczeniu, firma ma na swoim koncie znaczne osi\u0105gni\u0119cia w zakresie ekspertyz oraz w realizacji wymagaj\u0105cych projekt\u00f3w.<br><\/strong><br>W zale\u017cno\u015bci od rodzaju i wielko\u015bci projektu firma wsp\u00f3\u0142pracuje tak\u017ce\u00a0z sieci\u0105 firm partnerskich jako g\u0142\u00f3wny realizator projektu lub podwykonawca.<\/p>\n\n\n\n<figure class=\"wp-block-image size-large\"><img loading=\"lazy\" decoding=\"async\" width=\"1024\" height=\"502\" src=\"https:\/\/www.scianka-tenisowa.pl\/aplikacja\/wp-content\/uploads\/2020\/11\/tennis-1-1024x502.jpg\" alt=\"\" class=\"wp-image-101\" srcset=\"https:\/\/www.scianka-tenisowa.pl\/aplikacja\/wp-content\/uploads\/2020\/11\/tennis-1-1024x502.jpg 1024w, https:\/\/www.scianka-tenisowa.pl\/aplikacja\/wp-content\/uploads\/2020\/11\/tennis-1-300x147.jpg 300w, https:\/\/www.scianka-tenisowa.pl\/aplikacja\/wp-content\/uploads\/2020\/11\/tennis-1-768x376.jpg 768w, https:\/\/www.scianka-tenisowa.pl\/aplikacja\/wp-content\/uploads\/2020\/11\/tennis-1.jpg 1100w\" sizes=\"auto, (max-width: 1024px) 100vw, 1024px\" \/><\/figure>\n","protected":false},"excerpt":{"rendered":"<p>Firma\u00a0ADECO\u00a0zosta\u0142a za\u0142o\u017cona w 2006 roku w Katowicach. Obecnie zakres dzia\u0142alno\u015bci obejmuje sektor sportowy. G\u0142\u00f3wnymi dzia\u0142aniami firmy jest produkcja oraz promocja Parabolicznej \u015aciany Tenisowej. Firma bazuje na wieloletnim bogatym do\u015bwiadczeniu w realizacji du\u017cych projekt\u00f3w. Dzi\u0119ki bogatemu do\u015bwiadczeniu, firma ma na swoim [&hellip;]<\/p>\n","protected":false},"author":1,"featured_media":0,"parent":0,"menu_order":0,"comment_status":"closed","ping_status":"closed","template":"","meta":{"footnotes":""},"class_list":["post-23","page","type-page","status-publish","hentry"],"_links":{"self":[{"href":"https:\/\/www.scianka-tenisowa.pl\/aplikacja\/wp-json\/wp\/v2\/pages\/23","targetHints":{"allow":["GET"]}}],"collection":[{"href":"https:\/\/www.scianka-tenisowa.pl\/aplikacja\/wp-json\/wp\/v2\/pages"}],"about":[{"href":"https:\/\/www.scianka-tenisowa.pl\/aplikacja\/wp-json\/wp\/v2\/types\/page"}],"author":[{"embeddable":true,"href":"https:\/\/www.scianka-tenisowa.pl\/aplikacja\/wp-json\/wp\/v2\/users\/1"}],"replies":[{"embeddable":true,"href":"https:\/\/www.scianka-tenisowa.pl\/aplikacja\/wp-json\/wp\/v2\/comments?post=23"}],"version-history":[{"count":6,"href":"https:\/\/www.scianka-tenisowa.pl\/aplikacja\/wp-json\/wp\/v2\/pages\/23\/revisions"}],"predecessor-version":[{"id":387,"href":"https:\/\/www.scianka-tenisowa.pl\/aplikacja\/wp-json\/wp\/v2\/pages\/23\/revisions\/387"}],"wp:attachment":[{"href":"https:\/\/www.scianka-tenisowa.pl\/aplikacja\/wp-json\/wp\/v2\/media?parent=23"}],"curies":[{"name":"wp","href":"https:\/\/api.w.org\/{rel}","templated":true}]}}