{"id":237,"date":"2021-06-11T12:22:50","date_gmt":"2021-06-11T12:22:50","guid":{"rendered":"https:\/\/www.scianka-tenisowa.pl\/aplikacja\/?page_id=237"},"modified":"2021-07-21T15:07:01","modified_gmt":"2021-07-21T15:07:01","slug":"tryby-gier","status":"publish","type":"page","link":"https:\/\/www.scianka-tenisowa.pl\/aplikacja\/tryby-gier\/","title":{"rendered":"Tryby gier"},"content":{"rendered":"\n<div class=\"wp-block-media-text alignwide has-media-on-the-right is-stacked-on-mobile\" style=\"grid-template-columns:auto 45%\"><figure class=\"wp-block-media-text__media\"><img loading=\"lazy\" decoding=\"async\" width=\"381\" height=\"745\" src=\"https:\/\/www.scianka-tenisowa.pl\/aplikacja\/wp-content\/uploads\/2021\/07\/image.png\" alt=\"\" class=\"wp-image-345 size-full\" srcset=\"https:\/\/www.scianka-tenisowa.pl\/aplikacja\/wp-content\/uploads\/2021\/07\/image.png 381w, https:\/\/www.scianka-tenisowa.pl\/aplikacja\/wp-content\/uploads\/2021\/07\/image-153x300.png 153w\" sizes=\"auto, (max-width: 381px) 100vw, 381px\" \/><\/figure><div class=\"wp-block-media-text__content\">\n<figure class=\"wp-block-image size-large is-resized\"><img loading=\"lazy\" decoding=\"async\" src=\"https:\/\/www.scianka-tenisowa.pl\/aplikacja\/wp-content\/uploads\/2021\/07\/image-2.png\" alt=\"\" class=\"wp-image-347\" width=\"317\" height=\"86\" srcset=\"https:\/\/www.scianka-tenisowa.pl\/aplikacja\/wp-content\/uploads\/2021\/07\/image-2.png 397w, https:\/\/www.scianka-tenisowa.pl\/aplikacja\/wp-content\/uploads\/2021\/07\/image-2-300x82.png 300w\" sizes=\"auto, (max-width: 317px) 100vw, 317px\" \/><\/figure>\n\n\n\n<figure class=\"wp-block-image size-large is-resized\"><img loading=\"lazy\" decoding=\"async\" src=\"https:\/\/www.scianka-tenisowa.pl\/aplikacja\/wp-content\/uploads\/2021\/07\/image-3.png\" alt=\"\" class=\"wp-image-348\" width=\"322\" height=\"92\" srcset=\"https:\/\/www.scianka-tenisowa.pl\/aplikacja\/wp-content\/uploads\/2021\/07\/image-3.png 399w, https:\/\/www.scianka-tenisowa.pl\/aplikacja\/wp-content\/uploads\/2021\/07\/image-3-300x86.png 300w\" sizes=\"auto, (max-width: 322px) 100vw, 322px\" \/><\/figure>\n\n\n\n<figure class=\"wp-block-image size-large is-resized\"><img loading=\"lazy\" decoding=\"async\" src=\"https:\/\/www.scianka-tenisowa.pl\/aplikacja\/wp-content\/uploads\/2021\/07\/image-4.png\" alt=\"\" class=\"wp-image-349\" width=\"330\" height=\"93\" srcset=\"https:\/\/www.scianka-tenisowa.pl\/aplikacja\/wp-content\/uploads\/2021\/07\/image-4.png 402w, https:\/\/www.scianka-tenisowa.pl\/aplikacja\/wp-content\/uploads\/2021\/07\/image-4-300x86.png 300w\" sizes=\"auto, (max-width: 330px) 100vw, 330px\" \/><\/figure>\n\n\n\n<figure class=\"wp-block-image size-large is-resized\"><img loading=\"lazy\" decoding=\"async\" src=\"https:\/\/www.scianka-tenisowa.pl\/aplikacja\/wp-content\/uploads\/2021\/07\/image-5.png\" alt=\"\" class=\"wp-image-350\" width=\"328\" height=\"98\" srcset=\"https:\/\/www.scianka-tenisowa.pl\/aplikacja\/wp-content\/uploads\/2021\/07\/image-5.png 397w, https:\/\/www.scianka-tenisowa.pl\/aplikacja\/wp-content\/uploads\/2021\/07\/image-5-300x90.png 300w\" sizes=\"auto, (max-width: 328px) 100vw, 328px\" \/><\/figure>\n\n\n\n<figure class=\"wp-block-image size-large is-resized\"><img loading=\"lazy\" decoding=\"async\" src=\"https:\/\/www.scianka-tenisowa.pl\/aplikacja\/wp-content\/uploads\/2021\/07\/image-6.png\" alt=\"\" class=\"wp-image-351\" width=\"330\" height=\"97\" srcset=\"https:\/\/www.scianka-tenisowa.pl\/aplikacja\/wp-content\/uploads\/2021\/07\/image-6.png 398w, https:\/\/www.scianka-tenisowa.pl\/aplikacja\/wp-content\/uploads\/2021\/07\/image-6-300x88.png 300w\" sizes=\"auto, (max-width: 330px) 100vw, 330px\" \/><\/figure>\n<\/div><\/div>\n\n\n\n<p class=\"has-text-align-right\"><strong> <\/strong><\/p>\n\n\n\n<h2 class=\"wp-block-heading\">Gra tenisowa<\/h2>\n\n\n\n<figure class=\"wp-block-image size-large\"><img loading=\"lazy\" decoding=\"async\" width=\"1024\" height=\"323\" src=\"https:\/\/www.scianka-tenisowa.pl\/aplikacja\/wp-content\/uploads\/2021\/06\/podpis1-5-1024x323.jpg\" alt=\"\" class=\"wp-image-266\" srcset=\"https:\/\/www.scianka-tenisowa.pl\/aplikacja\/wp-content\/uploads\/2021\/06\/podpis1-5-1024x323.jpg 1024w, https:\/\/www.scianka-tenisowa.pl\/aplikacja\/wp-content\/uploads\/2021\/06\/podpis1-5-300x95.jpg 300w, https:\/\/www.scianka-tenisowa.pl\/aplikacja\/wp-content\/uploads\/2021\/06\/podpis1-5-768x242.jpg 768w, https:\/\/www.scianka-tenisowa.pl\/aplikacja\/wp-content\/uploads\/2021\/06\/podpis1-5-1536x484.jpg 1536w, https:\/\/www.scianka-tenisowa.pl\/aplikacja\/wp-content\/uploads\/2021\/06\/podpis1-5-2048x646.jpg 2048w\" sizes=\"auto, (max-width: 1024px) 100vw, 1024px\" \/><\/figure>\n\n\n\n<p>Celem gry jest symulacja rozgrywki tenisowej.<br>Aplikacja wygeneruje sekwencje uderze\u0144 kt\u00f3re b\u0119d\u0105 wiernie symulowa\u0107 twoje uderzenia i odbicia przeciwnika tak jakby\u015b gra\u0142 z realnym przeciwnikiem.<\/p>\n\n\n\n<p>Uderzenie poni\u017cej linii siatki ale w polu punktacji (tarczy), zlicza 1 punkt.<\/p>\n\n\n\n<p>Za ka\u017cde uderzenie mo\u017cesz uzyska\u0107 od 0 do 10 punkt\u00f3w.<br>Im celniejsze by\u0142y uderzenia tym wi\u0119cej mamy punkt\u00f3w na koniec.<br>Im \u0142atwiejszy poziom tym \u0142atwiej uzyska\u0107 punkty za uderzenie.<br>Je\u017celi si\u0119 zmie\u015bci: im bli\u017cej trafisz \u015brodka wyznaczonego punktu tym wi\u0119cej zdob\u0119dziesz punkt\u00f3w.<\/p>\n\n\n\n<h2 class=\"wp-block-heading\"><strong>Celno\u015b<\/strong>\u0107<\/h2>\n\n\n\n<figure class=\"wp-block-image size-large\"><img loading=\"lazy\" decoding=\"async\" width=\"1024\" height=\"310\" src=\"https:\/\/www.scianka-tenisowa.pl\/aplikacja\/wp-content\/uploads\/2021\/06\/Facebook-\u043e\u0431\u043b\u043e\u0436\u043a\u0430-851x315-\u043f\u0438\u043a\u0441_page-00201-11-1024x310.jpg\" alt=\"\" class=\"wp-image-260\" srcset=\"https:\/\/www.scianka-tenisowa.pl\/aplikacja\/wp-content\/uploads\/2021\/06\/Facebook-\u043e\u0431\u043b\u043e\u0436\u043a\u0430-851x315-\u043f\u0438\u043a\u0441_page-00201-11-1024x310.jpg 1024w, https:\/\/www.scianka-tenisowa.pl\/aplikacja\/wp-content\/uploads\/2021\/06\/Facebook-\u043e\u0431\u043b\u043e\u0436\u043a\u0430-851x315-\u043f\u0438\u043a\u0441_page-00201-11-300x91.jpg 300w, https:\/\/www.scianka-tenisowa.pl\/aplikacja\/wp-content\/uploads\/2021\/06\/Facebook-\u043e\u0431\u043b\u043e\u0436\u043a\u0430-851x315-\u043f\u0438\u043a\u0441_page-00201-11-768x232.jpg 768w, https:\/\/www.scianka-tenisowa.pl\/aplikacja\/wp-content\/uploads\/2021\/06\/Facebook-\u043e\u0431\u043b\u043e\u0436\u043a\u0430-851x315-\u043f\u0438\u043a\u0441_page-00201-11-1536x465.jpg 1536w, https:\/\/www.scianka-tenisowa.pl\/aplikacja\/wp-content\/uploads\/2021\/06\/Facebook-\u043e\u0431\u043b\u043e\u0436\u043a\u0430-851x315-\u043f\u0438\u043a\u0441_page-00201-11.jpg 1772w\" sizes=\"auto, (max-width: 1024px) 100vw, 1024px\" \/><\/figure>\n\n\n\n<p>Celem gry jest trafienie w dany punkt.<br>Aplikacja b\u0119dzie Ci podpowiada\u0142a gdzie uderzy\u0107 i czy idzie ci dobrze.<br>Za ka\u017cde uderzenie mo\u017cesz uzyska\u0107 od 0 do 10 punkt\u00f3w.<\/p>\n\n\n\n<p>Im celniejsze by\u0142y uderzenia tym wi\u0119cej mamy punkt\u00f3w na koniec.<br>Im \u0142atwiejszy poziom tym \u0142atwiej uzyska\u0107 punkty za uderzenie.<br>Im bli\u017cej trafisz \u015brodka wyznaczonego punktu tym wi\u0119cej zdob\u0119dziesz punkt\u00f3w.<\/p>\n\n\n\n<h2 class=\"wp-block-heading\"><strong>Zwinno\u015b\u0107<\/strong><\/h2>\n\n\n\n<figure class=\"wp-block-image size-large\"><img loading=\"lazy\" decoding=\"async\" width=\"1024\" height=\"317\" src=\"https:\/\/www.scianka-tenisowa.pl\/aplikacja\/wp-content\/uploads\/2021\/06\/\u0412\u0438\u0434\u0435\u043e\u043e\u0431\u043b\u043e\u0436\u043a\u0430-Facebook-1702x630-\u043f\u0438\u043a\u0441_page-001011-1024x317.jpg\" alt=\"\" class=\"wp-image-261\" srcset=\"https:\/\/www.scianka-tenisowa.pl\/aplikacja\/wp-content\/uploads\/2021\/06\/\u0412\u0438\u0434\u0435\u043e\u043e\u0431\u043b\u043e\u0436\u043a\u0430-Facebook-1702x630-\u043f\u0438\u043a\u0441_page-001011-1024x317.jpg 1024w, https:\/\/www.scianka-tenisowa.pl\/aplikacja\/wp-content\/uploads\/2021\/06\/\u0412\u0438\u0434\u0435\u043e\u043e\u0431\u043b\u043e\u0436\u043a\u0430-Facebook-1702x630-\u043f\u0438\u043a\u0441_page-001011-300x93.jpg 300w, https:\/\/www.scianka-tenisowa.pl\/aplikacja\/wp-content\/uploads\/2021\/06\/\u0412\u0438\u0434\u0435\u043e\u043e\u0431\u043b\u043e\u0436\u043a\u0430-Facebook-1702x630-\u043f\u0438\u043a\u0441_page-001011-768x238.jpg 768w, https:\/\/www.scianka-tenisowa.pl\/aplikacja\/wp-content\/uploads\/2021\/06\/\u0412\u0438\u0434\u0435\u043e\u043e\u0431\u043b\u043e\u0436\u043a\u0430-Facebook-1702x630-\u043f\u0438\u043a\u0441_page-001011-1536x475.jpg 1536w, https:\/\/www.scianka-tenisowa.pl\/aplikacja\/wp-content\/uploads\/2021\/06\/\u0412\u0438\u0434\u0435\u043e\u043e\u0431\u043b\u043e\u0436\u043a\u0430-Facebook-1702x630-\u043f\u0438\u043a\u0441_page-001011-2048x633.jpg 2048w\" sizes=\"auto, (max-width: 1024px) 100vw, 1024px\" \/><\/figure>\n\n\n\n<p>Celem gry jest trening postawy i gibko\u015bci.<br>Aplikacja b\u0119dzie Ci podpowiada\u0142a odleg\u0142e od siebie miejsca na \u015bciance tak aby\u015b musia\u0142 si\u0119 porusza\u0107 po ca\u0142ym boisku.<\/p>\n\n\n\n<p>Za ka\u017cde uderzenie mo\u017cesz uzyska\u0107 od 0 do 10 punkt\u00f3w.<br>Im celniejsze by\u0142y uderzenia tym wi\u0119cej mamy punkt\u00f3w na koniec.<\/p>\n\n\n\n<p>Im \u0142atwiejszy poziom tym \u0142atwiej uzyska\u0107 punkty za uderzenie.<br>Im bli\u017cej trafisz \u015brodka wyznaczonego punktu tym wi\u0119cej zdob\u0119dziesz punkt\u00f3w.<\/p>\n\n\n\n<h2 class=\"wp-block-heading\"><strong>Szybko\u015b\u0107<\/strong><\/h2>\n\n\n\n<figure class=\"wp-block-image size-large\"><img loading=\"lazy\" decoding=\"async\" width=\"1024\" height=\"317\" src=\"https:\/\/www.scianka-tenisowa.pl\/aplikacja\/wp-content\/uploads\/2021\/06\/Bez-tytulu6-2-1024x317.jpg\" alt=\"\" class=\"wp-image-257\" srcset=\"https:\/\/www.scianka-tenisowa.pl\/aplikacja\/wp-content\/uploads\/2021\/06\/Bez-tytulu6-2-1024x317.jpg 1024w, https:\/\/www.scianka-tenisowa.pl\/aplikacja\/wp-content\/uploads\/2021\/06\/Bez-tytulu6-2-300x93.jpg 300w, https:\/\/www.scianka-tenisowa.pl\/aplikacja\/wp-content\/uploads\/2021\/06\/Bez-tytulu6-2-768x238.jpg 768w, https:\/\/www.scianka-tenisowa.pl\/aplikacja\/wp-content\/uploads\/2021\/06\/Bez-tytulu6-2-1536x476.jpg 1536w, https:\/\/www.scianka-tenisowa.pl\/aplikacja\/wp-content\/uploads\/2021\/06\/Bez-tytulu6-2-2048x635.jpg 2048w\" sizes=\"auto, (max-width: 1024px) 100vw, 1024px\" \/><\/figure>\n\n\n\n<p>Celem gry jest nabicie jak najwi\u0119kszej ilo\u015bci uderze\u0144 na minut\u0119\/sesj\u0119 gry.<br>Za ka\u017cde uderzenie uzyskasz okre\u015blon\u0105 ilo\u015b\u0107 punkt\u00f3w, im wi\u0119cej uderze\u0144 tym wi\u0119cej zdobywasz punkt\u00f3w.<br>Aplikacja nie wyznacza \u017cadnego miejsca uderzenia ale nale\u017cy gra\u0107 powy\u017cej lini siatki.<\/p>\n\n\n\n<p>Im \u0142atwiejszy poziom tym wi\u0119cej uzyskasz punkt\u00f3w za uderzenie.<br>Poziom \u0142atwy: 5 punkt\u00f3w za uderzenie<br>Poziom \u015bredni: 4 punkt\u00f3w za uderzenie<br>Poziom trudny: 3 punkty za uderzenie<\/p>\n\n\n\n<h2 class=\"wp-block-heading\"><strong>Rozgrzewka<\/strong><\/h2>\n\n\n\n<figure class=\"wp-block-image size-large\"><img loading=\"lazy\" decoding=\"async\" width=\"1024\" height=\"289\" src=\"https:\/\/www.scianka-tenisowa.pl\/aplikacja\/wp-content\/uploads\/2021\/06\/Bez-tytulu3-4-1024x289.jpg\" alt=\"\" class=\"wp-image-253\" srcset=\"https:\/\/www.scianka-tenisowa.pl\/aplikacja\/wp-content\/uploads\/2021\/06\/Bez-tytulu3-4-1024x289.jpg 1024w, https:\/\/www.scianka-tenisowa.pl\/aplikacja\/wp-content\/uploads\/2021\/06\/Bez-tytulu3-4-300x85.jpg 300w, https:\/\/www.scianka-tenisowa.pl\/aplikacja\/wp-content\/uploads\/2021\/06\/Bez-tytulu3-4-768x217.jpg 768w, https:\/\/www.scianka-tenisowa.pl\/aplikacja\/wp-content\/uploads\/2021\/06\/Bez-tytulu3-4-1536x433.jpg 1536w, https:\/\/www.scianka-tenisowa.pl\/aplikacja\/wp-content\/uploads\/2021\/06\/Bez-tytulu3-4-2048x577.jpg 2048w\" sizes=\"auto, (max-width: 1024px) 100vw, 1024px\" \/><\/figure>\n\n\n\n<p>Zalecamy rozpocz\u0119cie treningu od tego trybu.<br>Celem rozgrzewki jest przygotowanie do wysi\u0142ku fizycznego przez podniesienie temperatury cia\u0142a, mobilizacj\u0119 i aktywacj\u0119 odpowiednich obszar\u00f3w cia\u0142a.<br>Odbywa si\u0119 to poprzez rotacj\u0119 wszystkich tryb\u00f3w treningowych po kilka minut z ka\u017cdego treningu.<\/p>\n\n\n\n<p>Aplikacja podpowie Ci aktualny tryb treningowy, jego zmian\u0119 oraz inne wskaz\u00f3wki.<br>Punkty zliczane s\u0105 odpowiednio wed\u0142ug zasad poszczeg\u00f3lnych tryb\u00f3w.<\/p>\n","protected":false},"excerpt":{"rendered":"<p>Gra tenisowa Celem gry jest symulacja rozgrywki tenisowej.Aplikacja wygeneruje sekwencje uderze\u0144 kt\u00f3re b\u0119d\u0105 wiernie symulowa\u0107 twoje uderzenia i odbicia przeciwnika tak jakby\u015b gra\u0142 z realnym przeciwnikiem. Uderzenie poni\u017cej linii siatki ale w polu punktacji (tarczy), zlicza 1 punkt. Za ka\u017cde [&hellip;]<\/p>\n","protected":false},"author":2,"featured_media":0,"parent":0,"menu_order":0,"comment_status":"closed","ping_status":"closed","template":"","meta":{"footnotes":""},"class_list":["post-237","page","type-page","status-publish","hentry"],"_links":{"self":[{"href":"https:\/\/www.scianka-tenisowa.pl\/aplikacja\/wp-json\/wp\/v2\/pages\/237","targetHints":{"allow":["GET"]}}],"collection":[{"href":"https:\/\/www.scianka-tenisowa.pl\/aplikacja\/wp-json\/wp\/v2\/pages"}],"about":[{"href":"https:\/\/www.scianka-tenisowa.pl\/aplikacja\/wp-json\/wp\/v2\/types\/page"}],"author":[{"embeddable":true,"href":"https:\/\/www.scianka-tenisowa.pl\/aplikacja\/wp-json\/wp\/v2\/users\/2"}],"replies":[{"embeddable":true,"href":"https:\/\/www.scianka-tenisowa.pl\/aplikacja\/wp-json\/wp\/v2\/comments?post=237"}],"version-history":[{"count":8,"href":"https:\/\/www.scianka-tenisowa.pl\/aplikacja\/wp-json\/wp\/v2\/pages\/237\/revisions"}],"predecessor-version":[{"id":353,"href":"https:\/\/www.scianka-tenisowa.pl\/aplikacja\/wp-json\/wp\/v2\/pages\/237\/revisions\/353"}],"wp:attachment":[{"href":"https:\/\/www.scianka-tenisowa.pl\/aplikacja\/wp-json\/wp\/v2\/media?parent=237"}],"curies":[{"name":"wp","href":"https:\/\/api.w.org\/{rel}","templated":true}]}}