{"id":74,"date":"2020-11-28T10:22:49","date_gmt":"2020-11-28T10:22:49","guid":{"rendered":"https:\/\/www.scianka-tenisowa.pl\/aplikacja\/?page_id=74"},"modified":"2020-11-28T10:24:11","modified_gmt":"2020-11-28T10:24:11","slug":"kasia","status":"publish","type":"page","link":"https:\/\/www.scianka-tenisowa.pl\/aplikacja\/","title":{"rendered":"Kasia"},"content":{"rendered":"\n<p>&#8222;Od czasu do czasu grywam na \u015bciance tenisowej Adeco, faktycznie by\u0142oby fajnie gdybym mog\u0142a zdobywa\u0107 punkty w symulacji gry tenisowej, i mia\u0142a jaki\u015b g\u0142os w s\u0142uchawce kt\u00f3ry przypomina\u0142by mi o celu!&#8221;<\/p>\n","protected":false},"excerpt":{"rendered":"<p>&#8222;Od czasu do czasu grywam na \u015bciance tenisowej Adeco, faktycznie by\u0142oby fajnie gdybym mog\u0142a zdobywa\u0107 punkty w symulacji gry tenisowej, i mia\u0142a jaki\u015b g\u0142os w s\u0142uchawce kt\u00f3ry przypomina\u0142by mi o celu!&#8221;<\/p>\n","protected":false},"author":1,"featured_media":0,"parent":0,"menu_order":0,"comment_status":"closed","ping_status":"closed","template":"","meta":{"footnotes":""},"class_list":["post-74","page","type-page","status-publish","hentry"],"_links":{"self":[{"href":"https:\/\/www.scianka-tenisowa.pl\/aplikacja\/wp-json\/wp\/v2\/pages\/74","targetHints":{"allow":["GET"]}}],"collection":[{"href":"https:\/\/www.scianka-tenisowa.pl\/aplikacja\/wp-json\/wp\/v2\/pages"}],"about":[{"href":"https:\/\/www.scianka-tenisowa.pl\/aplikacja\/wp-json\/wp\/v2\/types\/page"}],"author":[{"embeddable":true,"href":"https:\/\/www.scianka-tenisowa.pl\/aplikacja\/wp-json\/wp\/v2\/users\/1"}],"replies":[{"embeddable":true,"href":"https:\/\/www.scianka-tenisowa.pl\/aplikacja\/wp-json\/wp\/v2\/comments?post=74"}],"version-history":[{"count":2,"href":"https:\/\/www.scianka-tenisowa.pl\/aplikacja\/wp-json\/wp\/v2\/pages\/74\/revisions"}],"predecessor-version":[{"id":77,"href":"https:\/\/www.scianka-tenisowa.pl\/aplikacja\/wp-json\/wp\/v2\/pages\/74\/revisions\/77"}],"wp:attachment":[{"href":"https:\/\/www.scianka-tenisowa.pl\/aplikacja\/wp-json\/wp\/v2\/media?parent=74"}],"curies":[{"name":"wp","href":"https:\/\/api.w.org\/{rel}","templated":true}]}}